{"id":38,"date":"2026-02-26T18:20:44","date_gmt":"2026-02-26T18:20:44","guid":{"rendered":"http:\/\/nrnf.pl\/?page_id=38"},"modified":"2026-02-26T18:20:44","modified_gmt":"2026-02-26T18:20:44","slug":"o-blogu","status":"publish","type":"page","link":"https:\/\/nrnf.pl\/?page_id=38","title":{"rendered":"O blogu"},"content":{"rendered":"\n<p><strong>OGI-INSIGHT<\/strong> to blog po\u015bwi\u0119cony logistyce, magazynowaniu i rozwi\u0105zaniom operacyjnym, kt\u00f3re nap\u0119dzaj\u0105 wsp\u00f3\u0142czesny handel oraz e-commerce. To miejsce stworzone dla przedsi\u0119biorc\u00f3w, mened\u017cer\u00f3w i wszystkich os\u00f3b, kt\u00f3re chc\u0105 lepiej zrozumie\u0107, jak wygl\u0105da zaplecze nowoczesnego biznesu.<\/p>\n\n\n\n<p>Publikowane tutaj tre\u015bci pokazuj\u0105 logistyk\u0119 z praktycznej strony \u2014 jako obszar, kt\u00f3ry wp\u0142ywa na koszty, jako\u015b\u0107 obs\u0142ugi, skalowanie sprzeda\u017cy i przewag\u0119 rynkow\u0105. Na blogu poruszane s\u0105 tematy takie jak:<\/p>\n\n\n\n<ul class=\"wp-block-list\">\n<li> rola profesjonalnego magazynu,<\/li>\n\n\n\n<li> wsp\u00f3\u0142praca z firm\u0105 logistyczn\u0105,<\/li>\n\n\n\n<li> logistyka kontraktowa,<\/li>\n\n\n\n<li> sk\u0142adowanie kr\u00f3tko- i d\u0142ugoterminowe,<\/li>\n\n\n\n<li> co-packing i wsparcie sprzeda\u017cy.<\/li>\n<\/ul>\n\n\n\n<p>Celem bloga jest przekazywanie wiedzy w przyst\u0119pnej, konkretnej formie. OGI-INSIGHT \u0142\u0105czy perspektyw\u0119 operacyjn\u0105 z biznesow\u0105, pokazuj\u0105c, \u017ce dobrze zaprojektowane procesy logistyczne s\u0105 fundamentem sprawnego i nowoczesnego handlu.<\/p>\n\n\n\n<p>Je\u015bli chcesz, mog\u0119 teraz przygotowa\u0107 Ci jeszcze <strong>kr\u00f3tsz\u0105 wersj\u0119 \u201cO mnie\u201d i \u201cO blogu\u201d do WordPressa<\/strong> albo <strong>bardziej sprzeda\u017cow\u0105 wersj\u0119 pod stron\u0119 firmow\u0105<\/strong>.<\/p>\n","protected":false},"excerpt":{"rendered":"<p>OGI-INSIGHT to blog po\u015bwi\u0119cony logistyce, magazynowaniu i rozwi\u0105zaniom operacyjnym, kt\u00f3re nap\u0119dzaj\u0105 wsp\u00f3\u0142czesny handel oraz e-commerce. To miejsce stworzone dla przedsi\u0119biorc\u00f3w, mened\u017cer\u00f3w i wszystkich os\u00f3b, kt\u00f3re chc\u0105 lepiej zrozumie\u0107, jak wygl\u0105da zaplecze nowoczesnego biznesu. Publikowane tutaj tre\u015bci pokazuj\u0105 logistyk\u0119 z praktycznej strony \u2014 jako obszar, kt\u00f3ry wp\u0142ywa na koszty, jako\u015b\u0107 obs\u0142ugi, skalowanie sprzeda\u017cy i przewag\u0119 rynkow\u0105.<a class=\"more-link\" href=\"https:\/\/nrnf.pl\/?page_id=38\">Read more<\/a><\/p>\n","protected":false},"author":1,"featured_media":0,"parent":0,"menu_order":0,"comment_status":"closed","ping_status":"closed","template":"","meta":{"footnotes":""},"class_list":["post-38","page","type-page","status-publish","hentry"],"_links":{"self":[{"href":"https:\/\/nrnf.pl\/index.php?rest_route=\/wp\/v2\/pages\/38","targetHints":{"allow":["GET"]}}],"collection":[{"href":"https:\/\/nrnf.pl\/index.php?rest_route=\/wp\/v2\/pages"}],"about":[{"href":"https:\/\/nrnf.pl\/index.php?rest_route=\/wp\/v2\/types\/page"}],"author":[{"embeddable":true,"href":"https:\/\/nrnf.pl\/index.php?rest_route=\/wp\/v2\/users\/1"}],"replies":[{"embeddable":true,"href":"https:\/\/nrnf.pl\/index.php?rest_route=%2Fwp%2Fv2%2Fcomments&post=38"}],"version-history":[{"count":1,"href":"https:\/\/nrnf.pl\/index.php?rest_route=\/wp\/v2\/pages\/38\/revisions"}],"predecessor-version":[{"id":39,"href":"https:\/\/nrnf.pl\/index.php?rest_route=\/wp\/v2\/pages\/38\/revisions\/39"}],"wp:attachment":[{"href":"https:\/\/nrnf.pl\/index.php?rest_route=%2Fwp%2Fv2%2Fmedia&parent=38"}],"curies":[{"name":"wp","href":"https:\/\/api.w.org\/{rel}","templated":true}]}}